{"id":9,"date":"2016-02-17T11:12:57","date_gmt":"2016-02-17T11:12:57","guid":{"rendered":"http:\/\/test.bildervomschmied.de\/?page_id=9"},"modified":"2023-08-25T15:47:53","modified_gmt":"2023-08-25T13:47:53","slug":"architektur","status":"publish","type":"page","link":"http:\/\/test.bildervomschmied.de\/?page_id=9","title":{"rendered":"Architektur"},"content":{"rendered":"\n<p>Horst Schmied, freischaffender Architekt, lebt in Lagesb\u00fcttel. Nach Zimmermannslehre und Bauingenieursstudium gr\u00fcndete er 1962 ein eigenes Architekturb\u00fcro.<\/p>\n\n\n\n<blockquote class=\"wp-block-quote is-layout-flow wp-block-quote-is-layout-flow\">\n<p>Mit der Durchsetzung wegbereitender Ideen, einer vorz\u00fcglichen Beherrschung von Konstruktion und Material, seiner fanatischen Liebe zum Detail baute er bereits in den sechziger Jahren Einfamilienh\u00e4user die den Qualit\u00e4tsbegriff SCHMIED-HAUS pr\u00e4gten.<\/p>\n\n\n\n<p>Dabei beschr\u00e4nkt sich dieser Begriff nicht nur auf phantasievolle Einzelst\u00fccke von ungew\u00f6hnlicher Anpassung an nieders\u00e4chsische Bautradition, er schaffte es auch, vorbelastete Vorstellungen aus der Nachkriegszeit von Reihen, Gruppenh\u00e4usern und Wohnbl\u00f6cken mit v\u00f6llig neuen Werten zu f\u00fcllen.<\/p>\n\n\n\n<p>Sein ausgepr\u00e4gtes Gesp\u00fcr f\u00fcr Zusammenh\u00e4nge von menschlichem Verhalten-, Raumfolgen,- Einbeziehen von Aussenr\u00e4umen, G\u00e4rten, haben richtungsweisende Wohngebiete in Niedersachsen erbracht.<br>Er erhielt 1975 mit seiner Gruppe den Architekturpreis der Stadt Braunschweig f\u00fcr eine beispielhafte, d\u00f6rfliche Wohngruppe mit Kirchenzentrum in Braunschweig.<\/p>\n\n\n\n<p>Neben anderen, bedeutenden Bauten, blieb er der einmal eingeschlagenen Linie treu, im weitesten Sinne gesundes, menschliches Wohnen zu schaffen.<\/p>\n\n\n\n<p>A.M. (92)<\/p>\n<\/blockquote>\n\n\n\n<hr class=\"wp-block-separator has-alpha-channel-opacity\"\/>\n\n\n\n<h1 class=\"wp-block-heading\">Gartenhofh\u00e4user<\/h1>\n\n\n\n<p>Das Baugebiet Hasengarten in Mascherode mit etwa 150 Einfamilienh\u00e4usern hat wesentlich zur Pr\u00e4gung des Begriffs &#8222;Schmied-Haus&#8220; beigetragen.<\/p>\n\n\n\n<figure class=\"wp-block-image alignleft\"><a href=\"http:\/\/test.bildervomschmied.de\/wp-content\/uploads\/2016\/02\/hofgartenhaus2_460.jpg\" rel=\"noopener\"><img loading=\"lazy\" decoding=\"async\" width=\"300\" height=\"215\" src=\"http:\/\/test.bildervomschmied.de\/wp-content\/uploads\/2016\/02\/hofgartenhaus2_460-300x215.jpg\" alt=\"Gartenhofhaus, innen\" class=\"wp-image-80\" srcset=\"http:\/\/test.bildervomschmied.de\/wp-content\/uploads\/2016\/02\/hofgartenhaus2_460-300x215.jpg 300w, http:\/\/test.bildervomschmied.de\/wp-content\/uploads\/2016\/02\/hofgartenhaus2_460-419x300.jpg 419w, http:\/\/test.bildervomschmied.de\/wp-content\/uploads\/2016\/02\/hofgartenhaus2_460.jpg 460w\" sizes=\"auto, (max-width: 300px) 100vw, 300px\" \/><\/a><figcaption class=\"wp-element-caption\">Gartenhofhaus, innen<\/figcaption><\/figure>\n\n\n\n<p>In unkonventioneller Weise werden hier robuste Baustoffe unverf\u00e4lscht gezeigt:<\/p>\n\n\n\n<ul class=\"wp-block-list\">\n<li>wei\u00dfes Kalksandsteinmauerwerk, innen und au\u00dfen<\/li>\n\n\n\n<li>sichtbare, impr\u00e4gnierte Holzbalken, die auch Freisitz und Einstellplatz \u00fcberspannen<\/li>\n\n\n\n<li>Holzschalung<\/li>\n\n\n\n<li>Waschbetonfu\u00dfboden<\/li>\n<\/ul>\n\n\n\n<figure class=\"wp-block-image alignright\"><a href=\"http:\/\/test.bildervomschmied.de\/wp-content\/uploads\/2016\/02\/hofgartenhaus1_460.jpg\" rel=\"noopener\"><img loading=\"lazy\" decoding=\"async\" width=\"300\" height=\"200\" src=\"http:\/\/test.bildervomschmied.de\/wp-content\/uploads\/2016\/02\/hofgartenhaus1_460-300x200.jpg\" alt=\"Gartenhofhaus, au\u00dfen\" class=\"wp-image-79\" srcset=\"http:\/\/test.bildervomschmied.de\/wp-content\/uploads\/2016\/02\/hofgartenhaus1_460-300x200.jpg 300w, http:\/\/test.bildervomschmied.de\/wp-content\/uploads\/2016\/02\/hofgartenhaus1_460-451x300.jpg 451w, http:\/\/test.bildervomschmied.de\/wp-content\/uploads\/2016\/02\/hofgartenhaus1_460.jpg 460w\" sizes=\"auto, (max-width: 300px) 100vw, 300px\" \/><\/a><figcaption class=\"wp-element-caption\">Gartenhofhaus, au\u00dfen<\/figcaption><\/figure>\n\n\n\n<p>Die klare, ablesbare Konstruktion in Verbindung mit geschickten Grundrissl\u00f6sungen hat weit \u00fcber Braunschweig hinaus Anerkennung gefunden.<\/p>\n\n\n\n<hr class=\"wp-block-separator has-alpha-channel-opacity\"\/>\n\n\n\n<h1 class=\"wp-block-heading\">Bebauung Melverode<\/h1>\n\n\n\n<blockquote class=\"wp-block-quote is-layout-flow wp-block-quote-is-layout-flow\">\n<p>&#8211; Horst Schmied &#8211;<br>keiner hat wie er so wenig von Form gesprochen und sich statt dessen so intensiv um seine Bauherren gek\u00fcmmert wie er.<br>Seine Geb\u00e4ude sind bis ins Detail durchdacht, also praktisch, dabei von gelassener, ja heiterer Eleganz. Sie sind eins mit der Landschaft.<br>Mit geradezu missionarischem Eifer verstand sich der Architekt Schmied auch als Psychotherapeut:<br>Gutes Wohnen, gl\u00fcckliche Menschen.<br>Da Moden ihn nicht interessieren, gelang ihm mit verbl\u00fcffender Selbstverst\u00e4ndlichkeit eine moderne Architektur von zeitloser Qualit\u00e4t.<\/p>\n\n\n\n<p>&#8217;95 AM<\/p>\n<\/blockquote>\n\n\n\n<figure class=\"wp-block-image alignleft\"><a href=\"http:\/\/test.bildervomschmied.de\/wp-content\/uploads\/2016\/02\/melverode13.jpg\" target=\"_blank\" rel=\"noreferrer noopener\"><img loading=\"lazy\" decoding=\"async\" width=\"300\" height=\"192\" src=\"http:\/\/test.bildervomschmied.de\/wp-content\/uploads\/2016\/02\/melverode13-300x192.jpg\" alt=\"Melverode, Skizze 2\" class=\"wp-image-85\" srcset=\"http:\/\/test.bildervomschmied.de\/wp-content\/uploads\/2016\/02\/melverode13-300x192.jpg 300w, http:\/\/test.bildervomschmied.de\/wp-content\/uploads\/2016\/02\/melverode13-468x300.jpg 468w, http:\/\/test.bildervomschmied.de\/wp-content\/uploads\/2016\/02\/melverode13.jpg 706w\" sizes=\"auto, (max-width: 300px) 100vw, 300px\" \/><\/a><figcaption class=\"wp-element-caption\">Melverode, Skizze 2<\/figcaption><\/figure>\n\n\n\n<figure class=\"wp-block-image alignleft\"><a href=\"http:\/\/test.bildervomschmied.de\/wp-content\/uploads\/2016\/02\/melverode12.jpg\" rel=\"noopener\"><img loading=\"lazy\" decoding=\"async\" width=\"300\" height=\"237\" src=\"http:\/\/test.bildervomschmied.de\/wp-content\/uploads\/2016\/02\/melverode12-300x237.jpg\" alt=\"Melverode, Skizze 3\" class=\"wp-image-84\" srcset=\"http:\/\/test.bildervomschmied.de\/wp-content\/uploads\/2016\/02\/melverode12-300x237.jpg 300w, http:\/\/test.bildervomschmied.de\/wp-content\/uploads\/2016\/02\/melverode12-380x300.jpg 380w, http:\/\/test.bildervomschmied.de\/wp-content\/uploads\/2016\/02\/melverode12.jpg 574w\" sizes=\"auto, (max-width: 300px) 100vw, 300px\" \/><\/a><figcaption class=\"wp-element-caption\">Melverode, Skizze 3<\/figcaption><\/figure>\n\n\n\n<figure class=\"wp-block-image size-full\"><a href=\"http:\/\/test.bildervomschmied.de\/wp-content\/uploads\/2016\/02\/melverode11.jpg\" target=\"_blank\" rel=\"noreferrer noopener\"><img loading=\"lazy\" decoding=\"async\" width=\"441\" height=\"453\" src=\"http:\/\/test.bildervomschmied.de\/wp-content\/uploads\/2016\/02\/melverode11.jpg\" alt=\"\" class=\"wp-image-83\" srcset=\"http:\/\/test.bildervomschmied.de\/wp-content\/uploads\/2016\/02\/melverode11.jpg 441w, http:\/\/test.bildervomschmied.de\/wp-content\/uploads\/2016\/02\/melverode11-292x300.jpg 292w\" sizes=\"auto, (max-width: 441px) 100vw, 441px\" \/><\/a><figcaption class=\"wp-element-caption\">Melverode, Skizze 1<\/figcaption><\/figure>\n","protected":false},"excerpt":{"rendered":"<p>Horst Schmied, freischaffender Architekt, lebt in Lagesb\u00fcttel. Nach Zimmermannslehre und Bauingenieursstudium gr\u00fcndete er 1962 ein eigenes Architekturb\u00fcro. Mit der Durchsetzung wegbereitender Ideen, einer vorz\u00fcglichen Beherrschung von Konstruktion und Material, seiner fanatischen Liebe zum Detail baute er bereits in den sechziger Jahren Einfamilienh\u00e4user die den Qualit\u00e4tsbegriff SCHMIED-HAUS pr\u00e4gten. Dabei beschr\u00e4nkt sich dieser Begriff nicht nur auf [&hellip;]<\/p>\n","protected":false},"author":1,"featured_media":0,"parent":0,"menu_order":0,"comment_status":"closed","ping_status":"closed","template":"","meta":{"site-sidebar-layout":"default","site-content-layout":"","ast-site-content-layout":"default","site-content-style":"default","site-sidebar-style":"default","ast-global-header-display":"","ast-banner-title-visibility":"","ast-main-header-display":"","ast-hfb-above-header-display":"","ast-hfb-below-header-display":"","ast-hfb-mobile-header-display":"","site-post-title":"","ast-breadcrumbs-content":"","ast-featured-img":"","footer-sml-layout":"","theme-transparent-header-meta":"","adv-header-id-meta":"","stick-header-meta":"","header-above-stick-meta":"","header-main-stick-meta":"","header-below-stick-meta":"","astra-migrate-meta-layouts":"set","ast-page-background-enabled":"default","ast-page-background-meta":{"desktop":{"background-color":"","background-image":"","background-repeat":"repeat","background-position":"center center","background-size":"auto","background-attachment":"scroll","background-type":"","background-media":"","overlay-type":"","overlay-color":"","overlay-opacity":"","overlay-gradient":""},"tablet":{"background-color":"","background-image":"","background-repeat":"repeat","background-position":"center center","background-size":"auto","background-attachment":"scroll","background-type":"","background-media":"","overlay-type":"","overlay-color":"","overlay-opacity":"","overlay-gradient":""},"mobile":{"background-color":"","background-image":"","background-repeat":"repeat","background-position":"center center","background-size":"auto","background-attachment":"scroll","background-type":"","background-media":"","overlay-type":"","overlay-color":"","overlay-opacity":"","overlay-gradient":""}},"ast-content-background-meta":{"desktop":{"background-color":"var(--ast-global-color-5)","background-image":"","background-repeat":"repeat","background-position":"center center","background-size":"auto","background-attachment":"scroll","background-type":"","background-media":"","overlay-type":"","overlay-color":"","overlay-opacity":"","overlay-gradient":""},"tablet":{"background-color":"var(--ast-global-color-5)","background-image":"","background-repeat":"repeat","background-position":"center center","background-size":"auto","background-attachment":"scroll","background-type":"","background-media":"","overlay-type":"","overlay-color":"","overlay-opacity":"","overlay-gradient":""},"mobile":{"background-color":"var(--ast-global-color-5)","background-image":"","background-repeat":"repeat","background-position":"center center","background-size":"auto","background-attachment":"scroll","background-type":"","background-media":"","overlay-type":"","overlay-color":"","overlay-opacity":"","overlay-gradient":""}},"footnotes":""},"class_list":["post-9","page","type-page","status-publish","hentry"],"_links":{"self":[{"href":"http:\/\/test.bildervomschmied.de\/index.php?rest_route=\/wp\/v2\/pages\/9","targetHints":{"allow":["GET"]}}],"collection":[{"href":"http:\/\/test.bildervomschmied.de\/index.php?rest_route=\/wp\/v2\/pages"}],"about":[{"href":"http:\/\/test.bildervomschmied.de\/index.php?rest_route=\/wp\/v2\/types\/page"}],"author":[{"embeddable":true,"href":"http:\/\/test.bildervomschmied.de\/index.php?rest_route=\/wp\/v2\/users\/1"}],"replies":[{"embeddable":true,"href":"http:\/\/test.bildervomschmied.de\/index.php?rest_route=%2Fwp%2Fv2%2Fcomments&post=9"}],"version-history":[{"count":25,"href":"http:\/\/test.bildervomschmied.de\/index.php?rest_route=\/wp\/v2\/pages\/9\/revisions"}],"predecessor-version":[{"id":2319,"href":"http:\/\/test.bildervomschmied.de\/index.php?rest_route=\/wp\/v2\/pages\/9\/revisions\/2319"}],"wp:attachment":[{"href":"http:\/\/test.bildervomschmied.de\/index.php?rest_route=%2Fwp%2Fv2%2Fmedia&parent=9"}],"curies":[{"name":"wp","href":"https:\/\/api.w.org\/{rel}","templated":true}]}}