{"id":6,"date":"2016-02-17T11:12:43","date_gmt":"2016-02-17T11:12:43","guid":{"rendered":"http:\/\/test.bildervomschmied.de\/?page_id=6"},"modified":"2018-11-15T08:11:41","modified_gmt":"2018-11-15T08:11:41","slug":"vita","status":"publish","type":"page","link":"http:\/\/test.bildervomschmied.de\/?page_id=6","title":{"rendered":"Vita"},"content":{"rendered":"<p><strong>Seit 1992<\/strong><br \/>\nSt\u00e4ndige Sicht seiner Bilder im Haus Lagesb\u00fcttel. Bis heute freischaffender Maler und K\u00fcnstler.<\/p>\n<p><strong>1988<\/strong><br \/>\nBeginn der Malerei. Schaffte erg\u00e4nzende Komponenten zu seiner Architektur und gestaltete individuelle Lebensr\u00e4ume.<\/p>\n<p><strong>1975<br \/>\n<\/strong>Architekturpreis der Stadt Braunschweig.<\/p>\n<p><strong>1964 &#8211; 1985<\/strong><br \/>\nErstellung richtungsweisender Wohngebiete. Zahlreiche Ver\u00f6ffentlichungen in Fachzeitschriften. Bauen von phantasievollen Einfamilienh\u00e4usern und Umbauten mit unverwechselbaren zeitlosen Werten.<\/p>\n<p><strong>1962<br \/>\n<\/strong>Gr\u00fcndung eines Architektenb\u00fcros.<\/p>\n<p><strong>1950 &#8211; 1957<br \/>\n<\/strong>Zimmermannslehre und Bauingenieurstudium.<\/p>\n<p><strong>1935 in den Sudeten in R\u00f6hrsdorf geboren<br \/>\n<\/strong>R\u00f6hrsdorf liegt zwischen dem Kleis und dem Hamrichberg. Der Name des letzteren kommt von einem Eisenhammer,der einst in R\u00f6hrsdorf angelegt war. Mit dem Bau einer Glash\u00fctte im Jahre 1873 kamen die ersten tschechischen Arbeiter in den Ort.<\/p>\n","protected":false},"excerpt":{"rendered":"<p>Seit 1992 St\u00e4ndige Sicht seiner Bilder im Haus Lagesb\u00fcttel. Bis heute freischaffender Maler und K\u00fcnstler. 1988 Beginn der Malerei. Schaffte erg\u00e4nzende Komponenten zu seiner Architektur und gestaltete individuelle Lebensr\u00e4ume. 1975 Architekturpreis der Stadt Braunschweig. 1964 &#8211; 1985 Erstellung richtungsweisender Wohngebiete. Zahlreiche Ver\u00f6ffentlichungen in Fachzeitschriften. Bauen von phantasievollen Einfamilienh\u00e4usern und Umbauten mit unverwechselbaren zeitlosen Werten. 1962 [&hellip;]<\/p>\n","protected":false},"author":1,"featured_media":0,"parent":0,"menu_order":0,"comment_status":"closed","ping_status":"closed","template":"","meta":{"site-sidebar-layout":"default","site-content-layout":"","ast-site-content-layout":"default","site-content-style":"default","site-sidebar-style":"default","ast-global-header-display":"","ast-banner-title-visibility":"","ast-main-header-display":"","ast-hfb-above-header-display":"","ast-hfb-below-header-display":"","ast-hfb-mobile-header-display":"","site-post-title":"","ast-breadcrumbs-content":"","ast-featured-img":"","footer-sml-layout":"","theme-transparent-header-meta":"","adv-header-id-meta":"","stick-header-meta":"","header-above-stick-meta":"","header-main-stick-meta":"","header-below-stick-meta":"","astra-migrate-meta-layouts":"default","ast-page-background-enabled":"default","ast-page-background-meta":{"desktop":{"background-color":"","background-image":"","background-repeat":"repeat","background-position":"center center","background-size":"auto","background-attachment":"scroll","background-type":"","background-media":"","overlay-type":"","overlay-color":"","overlay-opacity":"","overlay-gradient":""},"tablet":{"background-color":"","background-image":"","background-repeat":"repeat","background-position":"center center","background-size":"auto","background-attachment":"scroll","background-type":"","background-media":"","overlay-type":"","overlay-color":"","overlay-opacity":"","overlay-gradient":""},"mobile":{"background-color":"","background-image":"","background-repeat":"repeat","background-position":"center center","background-size":"auto","background-attachment":"scroll","background-type":"","background-media":"","overlay-type":"","overlay-color":"","overlay-opacity":"","overlay-gradient":""}},"ast-content-background-meta":{"desktop":{"background-color":"var(--ast-global-color-5)","background-image":"","background-repeat":"repeat","background-position":"center center","background-size":"auto","background-attachment":"scroll","background-type":"","background-media":"","overlay-type":"","overlay-color":"","overlay-opacity":"","overlay-gradient":""},"tablet":{"background-color":"var(--ast-global-color-5)","background-image":"","background-repeat":"repeat","background-position":"center center","background-size":"auto","background-attachment":"scroll","background-type":"","background-media":"","overlay-type":"","overlay-color":"","overlay-opacity":"","overlay-gradient":""},"mobile":{"background-color":"var(--ast-global-color-5)","background-image":"","background-repeat":"repeat","background-position":"center center","background-size":"auto","background-attachment":"scroll","background-type":"","background-media":"","overlay-type":"","overlay-color":"","overlay-opacity":"","overlay-gradient":""}},"footnotes":""},"class_list":["post-6","page","type-page","status-publish","hentry"],"_links":{"self":[{"href":"http:\/\/test.bildervomschmied.de\/index.php?rest_route=\/wp\/v2\/pages\/6","targetHints":{"allow":["GET"]}}],"collection":[{"href":"http:\/\/test.bildervomschmied.de\/index.php?rest_route=\/wp\/v2\/pages"}],"about":[{"href":"http:\/\/test.bildervomschmied.de\/index.php?rest_route=\/wp\/v2\/types\/page"}],"author":[{"embeddable":true,"href":"http:\/\/test.bildervomschmied.de\/index.php?rest_route=\/wp\/v2\/users\/1"}],"replies":[{"embeddable":true,"href":"http:\/\/test.bildervomschmied.de\/index.php?rest_route=%2Fwp%2Fv2%2Fcomments&post=6"}],"version-history":[{"count":13,"href":"http:\/\/test.bildervomschmied.de\/index.php?rest_route=\/wp\/v2\/pages\/6\/revisions"}],"predecessor-version":[{"id":622,"href":"http:\/\/test.bildervomschmied.de\/index.php?rest_route=\/wp\/v2\/pages\/6\/revisions\/622"}],"wp:attachment":[{"href":"http:\/\/test.bildervomschmied.de\/index.php?rest_route=%2Fwp%2Fv2%2Fmedia&parent=6"}],"curies":[{"name":"wp","href":"https:\/\/api.w.org\/{rel}","templated":true}]}}