{"id":20,"date":"2016-02-17T11:13:54","date_gmt":"2016-02-17T11:13:54","guid":{"rendered":"http:\/\/test.bildervomschmied.de\/?page_id=20"},"modified":"2018-11-15T08:13:45","modified_gmt":"2018-11-15T08:13:45","slug":"medien","status":"publish","type":"page","link":"http:\/\/test.bildervomschmied.de\/?page_id=20","title":{"rendered":"Medien"},"content":{"rendered":"<h3><span style=\"color: #ff6600;\">Sylt-Life, Neues von der Insel:<br \/>\n<\/span><\/h3>\n<ul>\n<li><a href=\"http:\/\/test.bildervomschmied.de\/wp-content\/uploads\/2016\/02\/Sylt-life.pdf\" target=\"_blank\" rel=\"noopener\">Artikel in Sylt-Life<\/a><br \/>\nArtikel vom 21.10.2015<\/li>\n<\/ul>\n<hr \/>\n<h3><span style=\"color: #ff6600;\">Papenteich-Journal:<\/span><\/h3>\n<ul>\n<li><a href=\"http:\/\/test.bildervomschmied.de\/wp-content\/uploads\/2016\/02\/Papenteich-Journal.pdf\">Im Portrait: K\u00fcnstler Horst Schmied<br \/>\n<\/a>Ausgabe 2012<\/li>\n<\/ul>\n<hr \/>\n<h3 class=\"r\"><span style=\"color: #ff6600;\">ovb-online.de &#8211; Nachrichten und News aus Rosenheim:<\/span><\/h3>\n<ul>\n<li><a href=\"http:\/\/www.ovb-online.de\/chiemgau\/horst-schmied-stellt-wieder-gstadt-1276193.html\" target=\"_blank\" rel=\"noopener\">Horst Schmied stellt wieder in Gstadt aus<br \/>\n<\/a>Online-Artikel 08.06.2011, Quelle: www.OVB-Online.de<\/li>\n<\/ul>\n<div class=\"clearer\">\n<ul>\n<li><a href=\"http:\/\/www.ovb-online.de\/chiemgau\/urlauber-chiemsee-erlebt-768006.html\" target=\"_blank\" rel=\"noopener\">Wie ein Urlauber den Chiemsee erlebt&#8230;<br \/>\n<\/a>Online-Artikel 18.05.2010, Quelle: www.OVB-Online.de<\/li>\n<\/ul>\n<hr \/>\n<h3><span style=\"color: #ff6600;\">Radio Okerwelle:<\/span><\/h3>\n<ul>\n<li>Interview mit Radio Okerwelle im April 2013<\/li>\n<\/ul>\n<blockquote><p>Der Architekt Horst Schmied ist in Braunschweig seit Jahrzehnten ein Begriff. Viele Neubausiedlungen in und um Braunschweig herum wurden durch seinen typischen Stil gepr\u00e4gt.<br \/>\nSelbstverst\u00e4ndlich lebt Horst Schmied mit seiner Frau auch selbst seit bald 5 Jahrzehnten in einem Schmiedhaus. Das steht nordwestlich von Braunschweig in Lagesb\u00fcttel und wurde von den Schmieds in eine von ihnen bewohnte Galerie umfunktioniert. Denn der Baumeister hat vor gut 15 Jahren am Ende seiner ersten Karriere das Rei\u00dfbrett gegen die Staffelei ausgetauscht und ein farbenfrohes, umfangreiches Werk geschaffen, mit dem er die Wohnr\u00e4ume und den weitl\u00e4ufigen Garten immer wieder aufs neue gestaltet.<br \/>\nBis zum Pfingstmontag, den 20. Mai stehen den Interessenten auf Anfrage die T\u00fcren offen und der K\u00fcnstler zum Gespr\u00e4ch bereit.<\/p>\n<p>Axel Uhde hat f\u00fcr Radio Okerwelle die Gelegenheit ergriffen und mit Horst Schmied das folgende Gespr\u00e4ch gef\u00fchrt [9.958 KB] :<\/p><\/blockquote>\n<\/div>\n<!--[if lt IE 9]><script>document.createElement('audio');<\/script><![endif]-->\n<audio class=\"wp-audio-shortcode\" id=\"audio-20-1\" preload=\"none\" style=\"width: 100%;\" controls=\"controls\"><source type=\"audio\/mpeg\" src=\"http:\/\/test.bildervomschmied.de\/wp-content\/uploads\/2016\/02\/interviewschmied.mp3?_=1\" \/><a href=\"http:\/\/test.bildervomschmied.de\/wp-content\/uploads\/2016\/02\/interviewschmied.mp3\">http:\/\/test.bildervomschmied.de\/wp-content\/uploads\/2016\/02\/interviewschmied.mp3<\/a><\/audio>\n<p>&nbsp;<\/p>\n<hr \/>\n<h3><span style=\"color: #ff6600;\">NDR Fernsehen:<br \/>\n<\/span><\/h3>\n<ul>\n<li><strong>Weihnachten 2011<\/strong><br \/>\nAm Samstag, den 17. Dezember 2011, 17:30 bis 18:00 Uhr strahlte das NDR-Fernsehen im Rahmen der Sendung &#8222;Lebensart&#8220; einen Beitrag aus.<\/li>\n<\/ul>\n<ul>\n<li><strong>Fr\u00fchling 2008<\/strong><br \/>\nFr\u00fchlingsausstellung in der kleinen Galerie ganz anders<br \/>\nGesendet: 16.05.2008<\/li>\n<\/ul>\n<ul>\n<li><strong><a name=\"03c1989b050cb381a\"><\/a>Die kleine Galerie in Lagesb\u00fcttel<\/strong><br \/>\nKraftvolle Malerei mit frischen Farben stimmen auf den Sommer ein.<br \/>\nGesendet: 22.05.2004<\/li>\n<\/ul>\n<ul>\n<li><strong>Schwelgen im Farbenrausch<\/strong><br \/>\nHorst Schmied und seine zauberhafte Galerie in Lagesb\u00fcttel.<br \/>\nGesendet: 11.12.2004<\/li>\n<\/ul>\n<ul>\n<li><strong><a name=\"03c1989b050cb3619\"><\/a>Weihnachtliches Wohndesign<\/strong><br \/>\nSchmieds Adventausstellung ist weit \u00fcber die Grenzen des Nieders\u00e4chsischen Lagesb\u00fcttel hinaus bekannt.<br \/>\nGesendet: 29.11.2003<\/li>\n<\/ul>\n<ul>\n<li><strong><a name=\"03c1989b050cb3218\"><\/a>Wohnen in der Galerie<\/strong><br \/>\nDer Architekt und Maler Horst Schmied hat sein Haus in ein Gesamtkunstwerk verwandelt.<br \/>\nGesendet: 06.09.2003<\/li>\n<\/ul>\n","protected":false},"excerpt":{"rendered":"<p>Sylt-Life, Neues von der Insel: Artikel in Sylt-Life Artikel vom 21.10.2015 Papenteich-Journal: Im Portrait: K\u00fcnstler Horst Schmied Ausgabe 2012 ovb-online.de &#8211; Nachrichten und News aus Rosenheim: Horst Schmied stellt wieder in Gstadt aus Online-Artikel 08.06.2011, Quelle: www.OVB-Online.de Wie ein Urlauber den Chiemsee erlebt&#8230; Online-Artikel 18.05.2010, Quelle: www.OVB-Online.de Radio Okerwelle: Interview mit Radio Okerwelle im April [&hellip;]<\/p>\n","protected":false},"author":1,"featured_media":0,"parent":0,"menu_order":0,"comment_status":"closed","ping_status":"closed","template":"","meta":{"site-sidebar-layout":"default","site-content-layout":"","ast-site-content-layout":"default","site-content-style":"default","site-sidebar-style":"default","ast-global-header-display":"","ast-banner-title-visibility":"","ast-main-header-display":"","ast-hfb-above-header-display":"","ast-hfb-below-header-display":"","ast-hfb-mobile-header-display":"","site-post-title":"","ast-breadcrumbs-content":"","ast-featured-img":"","footer-sml-layout":"","theme-transparent-header-meta":"","adv-header-id-meta":"","stick-header-meta":"","header-above-stick-meta":"","header-main-stick-meta":"","header-below-stick-meta":"","astra-migrate-meta-layouts":"default","ast-page-background-enabled":"default","ast-page-background-meta":{"desktop":{"background-color":"","background-image":"","background-repeat":"repeat","background-position":"center center","background-size":"auto","background-attachment":"scroll","background-type":"","background-media":"","overlay-type":"","overlay-color":"","overlay-opacity":"","overlay-gradient":""},"tablet":{"background-color":"","background-image":"","background-repeat":"repeat","background-position":"center center","background-size":"auto","background-attachment":"scroll","background-type":"","background-media":"","overlay-type":"","overlay-color":"","overlay-opacity":"","overlay-gradient":""},"mobile":{"background-color":"","background-image":"","background-repeat":"repeat","background-position":"center center","background-size":"auto","background-attachment":"scroll","background-type":"","background-media":"","overlay-type":"","overlay-color":"","overlay-opacity":"","overlay-gradient":""}},"ast-content-background-meta":{"desktop":{"background-color":"var(--ast-global-color-5)","background-image":"","background-repeat":"repeat","background-position":"center center","background-size":"auto","background-attachment":"scroll","background-type":"","background-media":"","overlay-type":"","overlay-color":"","overlay-opacity":"","overlay-gradient":""},"tablet":{"background-color":"var(--ast-global-color-5)","background-image":"","background-repeat":"repeat","background-position":"center center","background-size":"auto","background-attachment":"scroll","background-type":"","background-media":"","overlay-type":"","overlay-color":"","overlay-opacity":"","overlay-gradient":""},"mobile":{"background-color":"var(--ast-global-color-5)","background-image":"","background-repeat":"repeat","background-position":"center center","background-size":"auto","background-attachment":"scroll","background-type":"","background-media":"","overlay-type":"","overlay-color":"","overlay-opacity":"","overlay-gradient":""}},"footnotes":""},"class_list":["post-20","page","type-page","status-publish","hentry"],"_links":{"self":[{"href":"http:\/\/test.bildervomschmied.de\/index.php?rest_route=\/wp\/v2\/pages\/20","targetHints":{"allow":["GET"]}}],"collection":[{"href":"http:\/\/test.bildervomschmied.de\/index.php?rest_route=\/wp\/v2\/pages"}],"about":[{"href":"http:\/\/test.bildervomschmied.de\/index.php?rest_route=\/wp\/v2\/types\/page"}],"author":[{"embeddable":true,"href":"http:\/\/test.bildervomschmied.de\/index.php?rest_route=\/wp\/v2\/users\/1"}],"replies":[{"embeddable":true,"href":"http:\/\/test.bildervomschmied.de\/index.php?rest_route=%2Fwp%2Fv2%2Fcomments&post=20"}],"version-history":[{"count":23,"href":"http:\/\/test.bildervomschmied.de\/index.php?rest_route=\/wp\/v2\/pages\/20\/revisions"}],"predecessor-version":[{"id":1095,"href":"http:\/\/test.bildervomschmied.de\/index.php?rest_route=\/wp\/v2\/pages\/20\/revisions\/1095"}],"wp:attachment":[{"href":"http:\/\/test.bildervomschmied.de\/index.php?rest_route=%2Fwp%2Fv2%2Fmedia&parent=20"}],"curies":[{"name":"wp","href":"https:\/\/api.w.org\/{rel}","templated":true}]}}