{"id":12,"date":"2016-02-17T11:13:14","date_gmt":"2016-02-17T11:13:14","guid":{"rendered":"http:\/\/test.bildervomschmied.de\/?page_id=12"},"modified":"2018-11-14T15:27:54","modified_gmt":"2018-11-14T15:27:54","slug":"malerei","status":"publish","type":"page","link":"http:\/\/test.bildervomschmied.de\/?page_id=12","title":{"rendered":"Malerei"},"content":{"rendered":"<blockquote><p>Ein Ph\u00e4nomen ist, dass die Malerei seit Jahrhunderten an der Spitze jedweder Kunstbewegung steht und schon immer andere K\u00fcnste, speziell die Architektur befruchtet hat.<\/p>\n<p>Horst Schmied ist den umgekehrten Weg gegangen. Er kam von der Architektur zur Malerei. Einem inneren Drang folgend fand er eine neue Art der Kommunikation, die eine noch pers\u00f6nlichere Ausdrucksform offenbart.<\/p>\n<p>Schmied hat eine eigene Sprache aus Farbformen entwickelt. Das Sehen ist das eigentliche Medium der \u00dcbersetzung; es stellt die Verbindung her und kontrolliert sie. Er hat nicht nur selbst eine Begabung zur Beobachtung, er f\u00fchrt auch den Beschauer in diese ein und l\u00e4sst ihn daran teilhaben.<\/p>\n<figure id=\"attachment_104\" aria-describedby=\"caption-attachment-104\" style=\"width: 247px\" class=\"wp-caption alignleft\"><a href=\"http:\/\/test.bildervomschmied.de\/wp-content\/uploads\/2016\/02\/Schmied-Fans.jpg\" target=\"_blank\" rel=\"noopener\"><img loading=\"lazy\" decoding=\"async\" class=\"wp-image-104\" src=\"http:\/\/test.bildervomschmied.de\/wp-content\/uploads\/2016\/02\/Schmied-Fans-300x227.jpg\" alt=\"Schmied Fans\" width=\"247\" height=\"189\" \/><\/a><figcaption id=\"caption-attachment-104\" class=\"wp-caption-text\">Schmied Fans<\/figcaption><\/figure>\n<p>Er versucht, das Sehen lebendig und fruchtbar zu machen; es nicht l\u00e4nger als einen Vorgang zu verstehen, der lediglich die Oberfl\u00e4che der Dinge abtastet.<\/p>\n<p>Falls wir gewillt sind, lehrt er uns, uns von ihm f\u00fchren zu lassen, unsere Augen zu gebrauchen, damit wir Natur und Umwelt &#8222;lesen&#8220; k\u00f6nnen und in die Geheimnisse der Realit\u00e4t eindringen. Der Betrachter kann sicher sein, dass er sich auf der Spur der Intentionen des K\u00fcnstlers befindet, wenn er seine bildliche Sprache bemerkt.<\/p>\n<figure id=\"attachment_103\" aria-describedby=\"caption-attachment-103\" style=\"width: 300px\" class=\"wp-caption alignright\"><a href=\"http:\/\/test.bildervomschmied.de\/wp-content\/uploads\/2016\/02\/Provence.jpg\" target=\"_blank\" rel=\"noopener\"><img loading=\"lazy\" decoding=\"async\" class=\"wp-image-103 size-medium\" src=\"http:\/\/test.bildervomschmied.de\/wp-content\/uploads\/2016\/02\/Provence-300x231.jpg\" alt=\"Provence\" width=\"300\" height=\"231\" srcset=\"http:\/\/test.bildervomschmied.de\/wp-content\/uploads\/2016\/02\/Provence-300x231.jpg 300w, http:\/\/test.bildervomschmied.de\/wp-content\/uploads\/2016\/02\/Provence-389x300.jpg 389w, http:\/\/test.bildervomschmied.de\/wp-content\/uploads\/2016\/02\/Provence.jpg 588w\" sizes=\"auto, (max-width: 300px) 100vw, 300px\" \/><\/a><figcaption id=\"caption-attachment-103\" class=\"wp-caption-text\">Provence<\/figcaption><\/figure>\n<p>Wenn man sich nun fragt, was uns an seiner Malerei am meisten beeindruckt, ist es vor allem die F\u00e4higkeit, seinen Sinn f\u00fcr&#8217;s Sch\u00f6ne k\u00fcnstlerisch umzusetzen. Dann seine Liebe zum Objekt, die auf einer Fr\u00f6hlichkeit, Heiterkeit und Liebensw\u00fcrdigkeit basiert. Dies alles mit einer au\u00dfergew\u00f6hnlichen Spontanit\u00e4t und frischen Unmittelbarkeit, die ihn zu einem gro\u00dfen K\u00fcnstler macht.<\/p>\n<p>&#8211; Zitat von Robert Schumann &#8211;<br \/>\n<strong>Licht zu bringen in die Dunkelheit im Herzen der Menschen &#8211; das ist die Aufgabe eines K\u00fcnstlers.<\/strong><\/p>\n<p>Horst Schmied erf\u00fcllt diese Forderung. Falls in Ihrem Herzen einmal Dunkelheit herrschen sollte, lassen Sie sie durch seine Bilder beleuchten. Erfolg in der Architektur hatte er bereits mit dieser, seiner Ausdrucksweise und sorgsamen Handhabung.<\/p>\n<p>Prof. Ernst Bucher (92)<\/p><\/blockquote>\n","protected":false},"excerpt":{"rendered":"<p>Ein Ph\u00e4nomen ist, dass die Malerei seit Jahrhunderten an der Spitze jedweder Kunstbewegung steht und schon immer andere K\u00fcnste, speziell die Architektur befruchtet hat. Horst Schmied ist den umgekehrten Weg gegangen. Er kam von der Architektur zur Malerei. Einem inneren Drang folgend fand er eine neue Art der Kommunikation, die eine noch pers\u00f6nlichere Ausdrucksform offenbart. [&hellip;]<\/p>\n","protected":false},"author":1,"featured_media":0,"parent":0,"menu_order":0,"comment_status":"closed","ping_status":"closed","template":"","meta":{"site-sidebar-layout":"default","site-content-layout":"","ast-site-content-layout":"default","site-content-style":"default","site-sidebar-style":"default","ast-global-header-display":"","ast-banner-title-visibility":"","ast-main-header-display":"","ast-hfb-above-header-display":"","ast-hfb-below-header-display":"","ast-hfb-mobile-header-display":"","site-post-title":"","ast-breadcrumbs-content":"","ast-featured-img":"","footer-sml-layout":"","theme-transparent-header-meta":"","adv-header-id-meta":"","stick-header-meta":"","header-above-stick-meta":"","header-main-stick-meta":"","header-below-stick-meta":"","astra-migrate-meta-layouts":"default","ast-page-background-enabled":"default","ast-page-background-meta":{"desktop":{"background-color":"","background-image":"","background-repeat":"repeat","background-position":"center center","background-size":"auto","background-attachment":"scroll","background-type":"","background-media":"","overlay-type":"","overlay-color":"","overlay-opacity":"","overlay-gradient":""},"tablet":{"background-color":"","background-image":"","background-repeat":"repeat","background-position":"center center","background-size":"auto","background-attachment":"scroll","background-type":"","background-media":"","overlay-type":"","overlay-color":"","overlay-opacity":"","overlay-gradient":""},"mobile":{"background-color":"","background-image":"","background-repeat":"repeat","background-position":"center center","background-size":"auto","background-attachment":"scroll","background-type":"","background-media":"","overlay-type":"","overlay-color":"","overlay-opacity":"","overlay-gradient":""}},"ast-content-background-meta":{"desktop":{"background-color":"var(--ast-global-color-5)","background-image":"","background-repeat":"repeat","background-position":"center center","background-size":"auto","background-attachment":"scroll","background-type":"","background-media":"","overlay-type":"","overlay-color":"","overlay-opacity":"","overlay-gradient":""},"tablet":{"background-color":"var(--ast-global-color-5)","background-image":"","background-repeat":"repeat","background-position":"center center","background-size":"auto","background-attachment":"scroll","background-type":"","background-media":"","overlay-type":"","overlay-color":"","overlay-opacity":"","overlay-gradient":""},"mobile":{"background-color":"var(--ast-global-color-5)","background-image":"","background-repeat":"repeat","background-position":"center center","background-size":"auto","background-attachment":"scroll","background-type":"","background-media":"","overlay-type":"","overlay-color":"","overlay-opacity":"","overlay-gradient":""}},"footnotes":""},"class_list":["post-12","page","type-page","status-publish","hentry"],"_links":{"self":[{"href":"http:\/\/test.bildervomschmied.de\/index.php?rest_route=\/wp\/v2\/pages\/12","targetHints":{"allow":["GET"]}}],"collection":[{"href":"http:\/\/test.bildervomschmied.de\/index.php?rest_route=\/wp\/v2\/pages"}],"about":[{"href":"http:\/\/test.bildervomschmied.de\/index.php?rest_route=\/wp\/v2\/types\/page"}],"author":[{"embeddable":true,"href":"http:\/\/test.bildervomschmied.de\/index.php?rest_route=\/wp\/v2\/users\/1"}],"replies":[{"embeddable":true,"href":"http:\/\/test.bildervomschmied.de\/index.php?rest_route=%2Fwp%2Fv2%2Fcomments&post=12"}],"version-history":[{"count":9,"href":"http:\/\/test.bildervomschmied.de\/index.php?rest_route=\/wp\/v2\/pages\/12\/revisions"}],"predecessor-version":[{"id":611,"href":"http:\/\/test.bildervomschmied.de\/index.php?rest_route=\/wp\/v2\/pages\/12\/revisions\/611"}],"wp:attachment":[{"href":"http:\/\/test.bildervomschmied.de\/index.php?rest_route=%2Fwp%2Fv2%2Fmedia&parent=12"}],"curies":[{"name":"wp","href":"https:\/\/api.w.org\/{rel}","templated":true}]}}